{"id":4578,"date":"2022-12-13T13:31:29","date_gmt":"2022-12-13T11:31:29","guid":{"rendered":"https:\/\/tecnio.org\/politica-de-privadesa\/"},"modified":"2025-03-26T13:45:33","modified_gmt":"2025-03-26T11:45:33","slug":"politica-de-privadesa","status":"publish","type":"page","link":"https:\/\/tecnio.org\/en\/politica-de-privadesa\/","title":{"rendered":"Pol\u00edtica de privadesa"},"content":{"rendered":"<div class=\"fusion-fullwidth fullwidth-box fusion-builder-row-1 fusion-flex-container has-pattern-background has-mask-background nonhundred-percent-fullwidth non-hundred-percent-height-scrolling\" style=\"--awb-border-radius-top-left:0px;--awb-border-radius-top-right:0px;--awb-border-radius-bottom-right:0px;--awb-border-radius-bottom-left:0px;--awb-flex-wrap:wrap;\" ><div class=\"fusion-builder-row fusion-row fusion-flex-align-items-flex-start fusion-flex-justify-content-center fusion-flex-content-wrap\" style=\"max-width:1768px;margin-left: calc(-4% \/ 2 );margin-right: calc(-4% \/ 2 );\"><div class=\"fusion-layout-column fusion_builder_column fusion-builder-column-0 fusion-flex-column\" style=\"--awb-bg-size:cover;--awb-width-large:60%;--awb-margin-top-large:0px;--awb-spacing-right-large:3.2%;--awb-margin-bottom-large:20px;--awb-spacing-left-large:3.2%;--awb-width-medium:60%;--awb-order-medium:0;--awb-spacing-right-medium:3.2%;--awb-spacing-left-medium:3.2%;--awb-width-small:100%;--awb-order-small:0;--awb-spacing-right-small:1.92%;--awb-spacing-left-small:1.92%;\"><div class=\"fusion-column-wrapper fusion-column-has-shadow fusion-flex-justify-content-flex-start fusion-content-layout-column\"><div class=\"fusion-text fusion-text-1\"><h3>Pol\u00edtica de privadesa<\/h3>\n<p><strong>(Actualitzada a 25-03-2025)<\/strong><\/p>\n<p>En virtut del que disposa el Reglament (UE) 2016\/679 del Parlament Europeu i del Consell, de 27 d&#8217;abril de 2016, relatiu a la protecci\u00f3 de les persones f\u00edsiques pel que fa al tractament de dades personals i la lliure circulaci\u00f3 de aquestes dades, se us informa que les dades que ens comuniqueu seran objecte de tractament. Aquesta \u00e9s la informaci\u00f3 sobre els tractaments realitzats:<\/p>\n<h4>Qui som<\/h4>\n<p>El responsable del tractament de les vostres dades \u00e9s ASSOCIACI\u00d3 DE DESENVOLUPADORS DE TECNOLOGIA AMB ACREDITACI\u00d3 TECNIO, amb CIF G67705806, i domicili a Pla\u00e7a Palau Vila 1, Pier01 Bloc A, Planta 3, Porta 3A1 \u2013 08003 Barcelona.<\/p>\n<p>Per tal de garantir la m\u00e0xima protecci\u00f3 al tractament de dades dels interessats, i amb ple respecte a la legalitat vigent, el responsable del tractament disposa d&#8217;un Delegat de Protecci\u00f3 de Dades. \u00c9s possible posar-s&#8217;hi en contacte per consultar qualsevol tema relatiu al tractament de dades de car\u00e0cter personal a trav\u00e9s de l\u2019adre\u00e7a de correu electr\u00f2nic <a href=\"mailto:dpo@tecnio.org\">dpo@tecnio.org<\/a> .<\/p>\n<h4>Quines dades personals recollim i per qu\u00e8 ho fem?<\/h4>\n<p>Les dades tractades no estan incloses en categories especials de dades (com poden ser la ideologia, salut, origen racial o \u00e8tnic, etc\u00e8tera). Per tal de dur a terme les activitats descrites m\u00e9s avall recollim dades identificatives, acad\u00e8miques o professionals, dades de contacte, dades d&#8217;informaci\u00f3 comercial, dades de tr\u00e0nsit i localitzaci\u00f3 digital de la p\u00e0gina web, i dades financeres o banc\u00e0ries.<\/p>\n<p>En el cas d&#8217;esdeveniments organitzats pel responsable, \u00e9s possible que se&#8217;n capti imatges i so amb objectius informatius. En aquest cas, a m\u00e9s de la normativa de protecci\u00f3 de dades, es respectar\u00e0 tot el que disposa la Llei org\u00e0nica 1\/1982, sobre protecci\u00f3 civil del dret a l&#8217;honor, a la intimitat personal i familiar i a la pr\u00f2pia imatge. En particular el que disposa l&#8217;article 8.2.c) sobre informaci\u00f3 gr\u00e0fica d&#8217;un esdeveniment p\u00fablic, at\u00e8s que les imatges i so de persones s\u00f3n merament access\u00f2ries.<\/p>\n<h4>Aquesta recollida de dades es pot dur a terme:<\/h4>\n<ul>\n<li>En emplenar un formulari (digital o en paper) amb aquesta informaci\u00f3.<\/li>\n<li>En inscriure&#8217;s a alguna de les activitats del responsable.<\/li>\n<li>En assistir, participar o col\u00b7laborar en algun dels cursos del responsable.<\/li>\n<li>En registrar-se en algun dels esdeveniments del responsable.<\/li>\n<li>En subscriure&#8217;s a alguna \u00abnewsletter\u00bb del responsable.<\/li>\n<li>Quan l&#8217;interessat envi\u00ef al responsable el seu curr\u00edculum per treballar o col\u00b7laborar-hi.<\/li>\n<\/ul>\n<h4>Les possibles finalitats del tractament, per tant, s\u00f3n:<\/h4>\n<ul>\n<li>La prestaci\u00f3 dels serveis sol\u00b7licitats per linteressat.<\/li>\n<li>La gesti\u00f3 d\u2019una possible relaci\u00f3 laboral o de col\u00b7laboraci\u00f3 professional.<\/li>\n<li>Oferir resposta a dubtes plantejats per l\u2019interessat.<\/li>\n<li>La gesti\u00f3 del possible registre, assist\u00e8ncia i contractaci\u00f3 dels esdeveniments o cursos desenvolupats pel responsable.<\/li>\n<li>La gesti\u00f3 de possibles propostes que remeti l\u2019interessat en el marc de les activitats del responsable.<\/li>\n<li>La realitzaci\u00f3 de m\u00e8triques de visita de la p\u00e0gina web del responsable.<\/li>\n<li>La realitzaci\u00f3 i l&#8217;enviament de comunicacions, comercials o no, relacionades amb aix\u00f2.<\/li>\n<li>La gesti\u00f3, publicaci\u00f3 i comunicaci\u00f3 del suport de l\u2019interessat (registre, suport, comentaris, testimonis, experi\u00e8ncies de col\u00b7laboraci\u00f3&#8230;) a iniciatives, activitats o documents promoguts o desenvolupats pel responsable.<\/li>\n<\/ul>\n<p>El tractament inclou la conservaci\u00f3 de les dades, la comunicaci\u00f3 als departaments apropiats de cada organitzaci\u00f3 i fins i tot la comunicaci\u00f3 de les dades entre les diferents entitats que formen part del grup.<\/p>\n<p>Cal que linteressat proporcioni les dades per poder prestar els serveis encomanats. En cas de no facilitar-se les dades esmentades, el responsable del tractament no podr\u00e0 dur a terme aquests serveis.<\/p>\n<h4>Quina \u00e9s la base jur\u00eddica del tractament de les dades?<\/h4>\n<p>Les bases jur\u00eddiques del tractament s\u00f3n:<\/p>\n<ul>\n<li>L\u2019execuci\u00f3 d\u2019una relaci\u00f3 contractual (article 6.1.b) RGPD). Aquesta base jur\u00eddica es far\u00e0 servir per a tots els tractaments que tinguin a veure amb la prestaci\u00f3 de serveis sol\u00b7licitats per l\u2019interessat (com pugui ser, per exemple, la participaci\u00f3 en un esdeveniment).<\/li>\n<li>El consentiment prestat per l\u2019interessat (article 6.1.a) RGPD). Aquesta base jur\u00eddica s&#8217;usar\u00e0 per als tractaments no relacionats de forma directa amb aquesta prestaci\u00f3 de serveis per\u00f2 recollits de manera expressa en altres mitjans que l\u2019interessat hagi acceptat expressament.<\/li>\n<li>El compliment d&#8217;obligacions legals (article 6.1.c) (RGPD). Aquesta base jur\u00eddica s&#8217;usar\u00e0 per a aquells tractaments que estiguin obligats a fer el responsable amb les dades de l\u2019interessat. Per exemple: tractaments relatius a l\u2019Administraci\u00f3 Tribut\u00e0ria o a la legislaci\u00f3 laboral.<\/li>\n<li>La satisfacci\u00f3 d\u2019interessos leg\u00edtims del responsable (article 6.1.f) RGPD). Aquesta base jur\u00eddica s&#8217;usar\u00e0 per a aquells tractaments en qu\u00e8 no prevalgui un dret o llibertat de l&#8217;interessat per\u00f2 que puguin afavorir l&#8217;exercici dels interessos leg\u00edtims esmentats. Per exemple: tractament d&#8217;imatges i so d&#8217;esdeveniments del responsable, prevenci\u00f3 del frau, garantir la seguretat de la xarxa o el tractament de dades amb fins de m\u00e0rqueting directe.<\/li>\n<\/ul>\n<h4>Qui pot accedir a les dades?<\/h4>\n<p>Les dades podran ser comunicades, si escau, a encarregats del tractament o a l&#8217;entitat de cr\u00e8dit prestadora dels serveis del pagament dins del marc de la gesti\u00f3 del pagament. De la mateixa manera, podran ser comunicats a les autoritats competents en cas de investigaci\u00f3 o reclamaci\u00f3 judicial o extrajudicial. Els comentaris dels visitants de la p\u00e0gina web poden ser revisats per un servei autom\u00e0tic de detecci\u00f3 de correu brossa.<\/p>\n<p>Els encarregats del tractament que faci servir el responsable per complir les funcions que aquest els encomani estan contractualment obligats a tractar les dades amb la mateixa dilig\u00e8ncia que el mateix responsable.<\/p>\n<p>En el cas de dades identificatives de suport a iniciatives, activitats o documents que promogui o desenvolupi el titular o es publiquin a la p\u00e0gina web del titular, aquestes dades poden ser comunicades a les entitats a les quals afecti aquestes iniciatives, activitats o documents. Addicionalment, aquestes dades identificatives podran utilitzar-se a trav\u00e9s dels canals de comunicaci\u00f3 del titular (p\u00e0gina web, xarxes socials, canals de comunicaci\u00f3 en l\u00ednia, materials de comunicaci\u00f3 en format f\u00edsic, &#8230;) amb fins de promoci\u00f3 de les dites iniciatives, activitats o documents.<\/p>\n<p>D&#8217;altra banda, el responsable pot fer servir diferents eines per gestionar les dades de l&#8217;interessat. Aquestes eines s\u00f3n necess\u00e0ries per a l&#8217;activitat desenvolupada i, per tant, estan enquadrades dins de les finalitats i bases legitimadores descrites m\u00e9s amunt. No obstant aix\u00f2, les eines s\u00f3n contractades a tercers i poden tenir les seves respectives condicions de privadesa.<\/p>\n<p>Les eines en q\u00fcesti\u00f3 s\u00f3n:<\/p>\n<p><strong>1. Plataforma web:<\/strong><\/p>\n<ul>\n<li>WordPress, producte d\u2019Automattic Inc., amb domicili als EUA.<\/li>\n<li>Sharepoint, producte de Microsoft Inc., amb domicili als EUA.<\/li>\n<li>Google, producte de Google Inc., amb domicili als EUA.<\/li>\n<\/ul>\n<p><strong>2. Formularis:<\/strong><\/p>\n<ul>\n<li>Ninja Forms, producte de Saturday Drive, Inc., amb domicili als EUA.<\/li>\n<li>Typeform, producte de Typeform, S.L, amb domicili a Espanya.<\/li>\n<\/ul>\n<p><strong>3. CRM:<\/strong><\/p>\n<ul>\n<li>HubSpot, producte de HubSpot, Inc., amb domicili als EUA.<\/li>\n<\/ul>\n<p><strong>4. E-mail Marketing:<\/strong><\/p>\n<p>\u2022 Mailchimp, producte de The Rocket Science Group LLC d\/b\/a, amb domicili als EUA.<\/p>\n<p><strong>5. Gesti\u00f3 d\u2019esdeveniments:<\/strong><\/p>\n<ul>\n<li>Eventbrite, producte de Eventbrite Inc., amb domicili als EUA.<\/li>\n<li>Zoom, producte de Zoom Video Communications, Inc., amb domicili als EUA.<\/li>\n<li>Vimeo, producte de Vimeo, Inc., amb domicili als EUA.<\/li>\n<li>Microsoft 365, producte de Microsoft Inc., amb domicili als EUA.<\/li>\n<\/ul>\n<p><strong>6. Plataformes de pagament:<\/strong><\/p>\n<ul>\n<li>Stripe, producte de Stripe Inc. amb domicili als EUA.<\/li>\n<\/ul>\n<p><strong>7. Campanyes de m\u00e0rqueting digital:<\/strong><\/p>\n<ul>\n<li>Facebook, producte de Facebook Inc., amb domicili als EUA.<\/li>\n<li>Instagram, producte de Facebook Inc., amb domicili als EUA.<\/li>\n<li>Google Ads, producte de Google Inc., amb domicili als EUA.<\/li>\n<li>Youtube, producte de Google Inc., amb domicili als EUA.<\/li>\n<li>Twitter, producte de Twitter Inc., amb domicili als EUA.<\/li>\n<li>Linkedin, producte de Linkedin Corporation, amb domicili als EUA.<\/li>\n<\/ul>\n<p><strong>8. Serveis d\u2019anal\u00edtica y segmentaci\u00f3 d\u2019usuaris:<\/strong><\/p>\n<ul>\n<li>Google Analytics, Google Tag Manager y Google Audiences, tots productes de Google Inc., amb domicili als EUA.<\/li>\n<\/ul>\n<h4>Contingut incrustat d&#8217;altres p\u00e0gines web<\/h4>\n<p>Els articles de la p\u00e0gina web del responsable poden incloure contingut incrustat (per exemple, v\u00eddeos, imatges, articles, etc.). El contingut incrustat d&#8217;altres llocs es comporta exactament com si el visitant hagu\u00e9s visitat l&#8217;altre lloc. Aquests llocs poden recopilar dades sobre vost\u00e8, utilitzar galetes, incrustar un seguiment addicional de tercers i supervisar la seva interacci\u00f3 amb aquest contingut incrustat, incl\u00f2s el seguiment de la seva interacci\u00f3 amb el contingut incrustat si teniu un compte i heu iniciat sessi\u00f3 en aquest lloc.<\/p>\n<h4>Quant de temps conservem les vostres dades<\/h4>\n<p>Les dades personals que ens proporcioneu seran eliminades transcorregut el termini legalment establert per al compliment de les nostres obligacions legals, sempre que l&#8217;interessat no hagi autoritzat expressament la continuaci\u00f3 del seu \u00fas.<\/p>\n<h4>Quins drets teniu sobre la vostra informaci\u00f3<\/h4>\n<p>Vost\u00e8 t\u00e9 la possibilitat de sol\u00b7licitar al responsable l&#8217;acc\u00e9s a les dades personals, la rectificaci\u00f3, la supressi\u00f3, la limitaci\u00f3 del tractament, oposar-se a aquest tractament o exercir la portabilitat de les dades que siguin tractades de forma automatitzada. Si voleu exercitar algun d&#8217;aquests drets heu de sol\u00b7licitar-ho al responsable del tractament, adjuntant una fotoc\u00f2pia del DNI per tal de verificar la identitat del sol\u00b7licitant.<\/p>\n<p>En cas de conflicte, podeu acudir a l&#8217;Ag\u00e8ncia Espanyola de Protecci\u00f3 de Dades o a qualsevol altra autoritat de control competent per entendre de les vostres reclamacions (com l\u2019Autoritat Catalana de Protecci\u00f3 de Dades).<\/p>\n<p>Podeu retirar el vostre consentiment en qualsevol moment, sense que aix\u00f2 afecti la licitud dels tractaments basats en el consentiment previ a la seva retirada.<\/p>\n<p>Les dades tractades no seran utilitzades per a decisions individuals automatitzades.<\/p>\n<h4>Mesures de seguretat<\/h4>\n<p>El responsable t\u00e9 implementades mesures t\u00e8cniques i organitzatives apropiades per garantir un nivell de seguretat adequat al risc de cada tractament, que inclou, entre d&#8217;altres:<\/p>\n<p style=\"padding-left: 40px;\">a) la pseudonimitzaci\u00f3 i el xifrat de dades personals;<br \/>\nb) la capacitat de garantir la confidencialitat, integritat, disponibilitat i resili\u00e8ncia permanents dels sistemes i serveis de tractament;<br \/>\nc) la capacitat de restaurar la disponibilitat i l&#8217;acc\u00e9s a les dades personals de manera r\u00e0pida en cas d&#8217;incident f\u00edsic o t\u00e8cnic;<br \/>\nd) un proc\u00e9s de verificaci\u00f3, avaluaci\u00f3 i valoraci\u00f3 regulars de l&#8217;efic\u00e0cia de les mesures t\u00e8cniques i organitzatives per garantir la seguretat del tractament.<\/p>\n<p>Addicionalment, i com s&#8217;ha indicat m\u00e9s amunt, el responsable del tractament compta amb un Delegat de Protecci\u00f3 de Dades (DPD) encara que no t\u00e9 l&#8217;obligaci\u00f3 legal de comptar amb un. El DPD s&#8217;encarrega entre altres funcions de verificar que les dades personals siguin tractades degudament, respectant les mesures de seguretat adequades i la seva confidencialitat.<\/p>\n<\/div><\/div><\/div><\/div><\/div>\n","protected":false},"excerpt":{"rendered":"","protected":false},"author":1,"featured_media":0,"parent":0,"menu_order":0,"comment_status":"closed","ping_status":"closed","template":"100-width.php","meta":{"_acf_changed":false,"content-type":"","footnotes":""},"class_list":["post-4578","page","type-page","status-publish","hentry"],"acf":[],"yoast_head":"<!-- This site is optimized with the Yoast SEO plugin v27.3 - https:\/\/yoast.com\/product\/yoast-seo-wordpress\/ -->\n<title>Pol\u00edtica de privadesa - Tecnio<\/title>\n<meta name=\"robots\" content=\"index, follow, max-snippet:-1, max-image-preview:large, max-video-preview:-1\" \/>\n<link rel=\"canonical\" href=\"https:\/\/tecnio.org\/en\/politica-de-privadesa\/\" \/>\n<meta property=\"og:locale\" content=\"en_US\" \/>\n<meta property=\"og:type\" content=\"article\" \/>\n<meta property=\"og:title\" content=\"Pol\u00edtica de privadesa - Tecnio\" \/>\n<meta property=\"og:url\" content=\"https:\/\/tecnio.org\/en\/politica-de-privadesa\/\" \/>\n<meta property=\"og:site_name\" content=\"Tecnio\" \/>\n<meta property=\"article:modified_time\" content=\"2025-03-26T11:45:33+00:00\" \/>\n<meta name=\"twitter:card\" content=\"summary_large_image\" \/>\n<meta name=\"twitter:label1\" content=\"Est. reading time\" \/>\n\t<meta name=\"twitter:data1\" content=\"11 minutes\" \/>\n<script type=\"application\/ld+json\" class=\"yoast-schema-graph\">{\"@context\":\"https:\\\/\\\/schema.org\",\"@graph\":[{\"@type\":\"WebPage\",\"@id\":\"https:\\\/\\\/tecnio.org\\\/en\\\/politica-de-privadesa\\\/\",\"url\":\"https:\\\/\\\/tecnio.org\\\/en\\\/politica-de-privadesa\\\/\",\"name\":\"Pol\u00edtica de privadesa - Tecnio\",\"isPartOf\":{\"@id\":\"https:\\\/\\\/tecnio.org\\\/#website\"},\"datePublished\":\"2022-12-13T11:31:29+00:00\",\"dateModified\":\"2025-03-26T11:45:33+00:00\",\"breadcrumb\":{\"@id\":\"https:\\\/\\\/tecnio.org\\\/en\\\/politica-de-privadesa\\\/#breadcrumb\"},\"inLanguage\":\"en-US\",\"potentialAction\":[{\"@type\":\"ReadAction\",\"target\":[\"https:\\\/\\\/tecnio.org\\\/en\\\/politica-de-privadesa\\\/\"]}]},{\"@type\":\"BreadcrumbList\",\"@id\":\"https:\\\/\\\/tecnio.org\\\/en\\\/politica-de-privadesa\\\/#breadcrumb\",\"itemListElement\":[{\"@type\":\"ListItem\",\"position\":1,\"name\":\"Inici\",\"item\":\"https:\\\/\\\/tecnio.org\\\/\"},{\"@type\":\"ListItem\",\"position\":2,\"name\":\"Pol\u00edtica de privadesa\"}]},{\"@type\":\"WebSite\",\"@id\":\"https:\\\/\\\/tecnio.org\\\/#website\",\"url\":\"https:\\\/\\\/tecnio.org\\\/\",\"name\":\"Tecnio\",\"description\":\"Impulsem un model de transfer\u00e8ncia de coneixement basat en l&#039;excel\u00b7l\u00e8ncia\",\"potentialAction\":[{\"@type\":\"SearchAction\",\"target\":{\"@type\":\"EntryPoint\",\"urlTemplate\":\"https:\\\/\\\/tecnio.org\\\/?s={search_term_string}\"},\"query-input\":{\"@type\":\"PropertyValueSpecification\",\"valueRequired\":true,\"valueName\":\"search_term_string\"}}],\"inLanguage\":\"en-US\"}]}<\/script>\n<!-- \/ Yoast SEO plugin. -->","yoast_head_json":{"title":"Pol\u00edtica de privadesa - Tecnio","robots":{"index":"index","follow":"follow","max-snippet":"max-snippet:-1","max-image-preview":"max-image-preview:large","max-video-preview":"max-video-preview:-1"},"canonical":"https:\/\/tecnio.org\/en\/politica-de-privadesa\/","og_locale":"en_US","og_type":"article","og_title":"Pol\u00edtica de privadesa - Tecnio","og_url":"https:\/\/tecnio.org\/en\/politica-de-privadesa\/","og_site_name":"Tecnio","article_modified_time":"2025-03-26T11:45:33+00:00","twitter_card":"summary_large_image","twitter_misc":{"Est. reading time":"11 minutes"},"schema":{"@context":"https:\/\/schema.org","@graph":[{"@type":"WebPage","@id":"https:\/\/tecnio.org\/en\/politica-de-privadesa\/","url":"https:\/\/tecnio.org\/en\/politica-de-privadesa\/","name":"Pol\u00edtica de privadesa - Tecnio","isPartOf":{"@id":"https:\/\/tecnio.org\/#website"},"datePublished":"2022-12-13T11:31:29+00:00","dateModified":"2025-03-26T11:45:33+00:00","breadcrumb":{"@id":"https:\/\/tecnio.org\/en\/politica-de-privadesa\/#breadcrumb"},"inLanguage":"en-US","potentialAction":[{"@type":"ReadAction","target":["https:\/\/tecnio.org\/en\/politica-de-privadesa\/"]}]},{"@type":"BreadcrumbList","@id":"https:\/\/tecnio.org\/en\/politica-de-privadesa\/#breadcrumb","itemListElement":[{"@type":"ListItem","position":1,"name":"Inici","item":"https:\/\/tecnio.org\/"},{"@type":"ListItem","position":2,"name":"Pol\u00edtica de privadesa"}]},{"@type":"WebSite","@id":"https:\/\/tecnio.org\/#website","url":"https:\/\/tecnio.org\/","name":"Tecnio","description":"Impulsem un model de transfer\u00e8ncia de coneixement basat en l&#039;excel\u00b7l\u00e8ncia","potentialAction":[{"@type":"SearchAction","target":{"@type":"EntryPoint","urlTemplate":"https:\/\/tecnio.org\/?s={search_term_string}"},"query-input":{"@type":"PropertyValueSpecification","valueRequired":true,"valueName":"search_term_string"}}],"inLanguage":"en-US"}]}},"_links":{"self":[{"href":"https:\/\/tecnio.org\/en\/wp-json\/wp\/v2\/pages\/4578","targetHints":{"allow":["GET"]}}],"collection":[{"href":"https:\/\/tecnio.org\/en\/wp-json\/wp\/v2\/pages"}],"about":[{"href":"https:\/\/tecnio.org\/en\/wp-json\/wp\/v2\/types\/page"}],"author":[{"embeddable":true,"href":"https:\/\/tecnio.org\/en\/wp-json\/wp\/v2\/users\/1"}],"replies":[{"embeddable":true,"href":"https:\/\/tecnio.org\/en\/wp-json\/wp\/v2\/comments?post=4578"}],"version-history":[{"count":1,"href":"https:\/\/tecnio.org\/en\/wp-json\/wp\/v2\/pages\/4578\/revisions"}],"predecessor-version":[{"id":4582,"href":"https:\/\/tecnio.org\/en\/wp-json\/wp\/v2\/pages\/4578\/revisions\/4582"}],"wp:attachment":[{"href":"https:\/\/tecnio.org\/en\/wp-json\/wp\/v2\/media?parent=4578"}],"curies":[{"name":"wp","href":"https:\/\/api.w.org\/{rel}","templated":true}]}}