{"id":4583,"date":"2025-03-26T13:49:16","date_gmt":"2025-03-26T11:49:16","guid":{"rendered":"https:\/\/tecnio.org\/?page_id=4583"},"modified":"2025-03-26T14:01:03","modified_gmt":"2025-03-26T12:01:03","slug":"politica-de-privacidad","status":"publish","type":"page","link":"https:\/\/tecnio.org\/es\/politica-de-privacidad\/","title":{"rendered":"Pol\u00edtica de privacidad"},"content":{"rendered":"<h3>Pol\u00edtica de privacidad<\/h3>\n<p><strong>(Actualitzada a 25-03-2025)<\/strong><\/p>\n<p>En virtud de lo dispuesto en el Reglamento (UE) 2016\/679 del Parlamento Europeo y del Consejo, de 27 de abril de 2016, relativo a la protecci\u00f3n de las personas f\u00edsicas en lo que respecta al tratamiento de datos personales y a la libre circulaci\u00f3n de estos datos, se le informa de que los datos que nos comunique ser\u00e1n objeto de tratamiento. Esta es la informaci\u00f3n sobre los tratamientos realizados:<\/p>\n<h4>Qui\u00e9nes somos<\/h4>\n<p>El responsable del tratamiento de sus datos es ASSOCIACI\u00d3 DE DESENVOLUPADORS DE TECNOLOGIA AMB ACREDITACI\u00d3 TECNIO, con CIF G67705806, y domicilio en Pla\u00e7a Palau Vila 1, Pier01 Bloc A, Planta 3, Porta 3A1 \u2013 08003 Barcelona.<\/p>\n<p>A fin de garantizar la m\u00e1xima protecci\u00f3n al tratamiento de datos de los interesados, y con el pleno respeto a la legalidad vigente, el responsable del tratamiento dispone de un Delegado de Protecci\u00f3n de Datos. Es posible ponerse en contacto con \u00e9l para consultar cualquier tema relativo al tratamiento de datos de car\u00e1cter personal a trav\u00e9s de la siguiente direcci\u00f3n de correo electr\u00f3nico \u201cdpo@tecnio.org\u201d.<\/p>\n<h4>\u00bfQu\u00e9 datos personales recogemos y por qu\u00e9 lo hacemos?<\/h4>\n<p>Los datos tratados no est\u00e1n incluidos en categor\u00edas especiales de datos (como puedan ser la ideolog\u00eda, salud, origen racial o \u00e9tnico, etc\u00e9tera). Con el fin de llevar a cabo las actividades descritas m\u00e1s abajo recogemos datos identificativos, acad\u00e9micos o profesionales, datos de contacto, datos de informaci\u00f3n comercial, datos de tr\u00e1fico y localizaci\u00f3n digital de la p\u00e1gina web, y datos financieros o bancarios.<\/p>\n<p>En el caso de eventos organizados por el responsable, es posible que se capte im\u00e1genes y sonido de los mismos con objetivos informativos. En este caso, adem\u00e1s de la normativa de protecci\u00f3n de datos, se respetar\u00e1 todo lo dispuesto en la Ley Org\u00e1nica 1\/1982, sobre protecci\u00f3n civil del derecho al honor, a la intimidad personal y familiar y a la propia imagen. En particular lo dispuesto en su art\u00edculo 8.2.c) sobre informaci\u00f3n gr\u00e1fica de un suceso p\u00fablico, dado que las im\u00e1genes y sonido de personas ser\u00e1n meramente accesorias.<\/p>\n<h4>Esta recogida de datos se puede llevar a cabo:<\/h4>\n<ul>\n<li>Al rellenar un formulario (digital o en papel) con dicha informaci\u00f3n.<\/li>\n<li>Al inscribirse en alguna de las actividades del responsable.<\/li>\n<li>Al asistir, participar o colaborar en alguno de los cursos del responsable<\/li>\n<li>Al registrarse en alguno de los eventos del responsable.<\/li>\n<li>Al suscribirse a alguna \u201cnewsletter\u201d del responsable.<\/li>\n<li>Cuando el interesado env\u00ede al responsable su curr\u00edculum para trabajar o colaborar con \u00e9l.<\/li>\n<\/ul>\n<h4>Las posibles finalidades del tratamiento, por tanto, son:<\/h4>\n<ul>\n<li>La prestaci\u00f3n de los servicios solicitados por el interesado.<\/li>\n<li>La gesti\u00f3n de una posible relaci\u00f3n laboral o de colaboraci\u00f3n profesional.<\/li>\n<li>Ofrecer respuesta a dudas planteadas por el interesado.<\/li>\n<li>La gesti\u00f3n del posible registro, asistencia y contrataci\u00f3n de los eventos o cursos desarrollados por el responsable.<\/li>\n<li>La gesti\u00f3n de posibles propuestas que remita el interesado en el marco de las actividades del responsable<\/li>\n<li>La realizaci\u00f3n de m\u00e9tricas de visita de la p\u00e1gina web del responsable.<\/li>\n<li>La realizaci\u00f3n y el env\u00edo de comunicaciones, comerciales o no, relacionadas con lo anterior.<\/li>\n<li>La gesti\u00f3n, publicaci\u00f3n y comunicaci\u00f3n del soporte del interesado (registro, soporte, comentarios, testimonios, experiencias de colaboraci\u00f3n&#8230;) a iniciativas, actividades o documentos promovidos o desarrollados por el responsable.<\/li>\n<\/ul>\n<p>El tratamiento incluye la conservaci\u00f3n de los datos, la comunicaci\u00f3n a los departamentos apropiados de cada organizaci\u00f3n e incluso la comunicaci\u00f3n de los datos entre las distintas entidades que formen parte del grupo.<\/p>\n<p>Es necesario que el interesado proporcione los datos para poder prestar los servicios encomendados. En caso de no facilitarse dichos datos, el responsable del tratamiento no podr\u00e1 llevar a cabo dichos servicios.<\/p>\n<h4>\u00bfCu\u00e1l es la base jur\u00eddica del tratamiento de los datos?<\/h4>\n<p>Las bases jur\u00eddicas del tratamiento son:<\/p>\n<ul>\n<li>La ejecuci\u00f3n de una relaci\u00f3n contractual (art\u00edculo 6.1.b) RGPD). Esta base jur\u00eddica se usar\u00e1 para todos los tratamientos que tengan que ver con la prestaci\u00f3n de servicios solicitados por el interesado (como pueda ser, por ejemplo, la participaci\u00f3n en un evento).<\/li>\n<li>El consentimiento prestado por el interesado (art\u00edculo 6.1.a) RGPD). Esta base jur\u00eddica se usar\u00e1 para los tratamientos no relacionados de forma directa con dicha prestaci\u00f3n de servicios pero recogidos de forma expresa en otros medios que haya aceptado expresamente el interesado.<\/li>\n<li>El cumplimiento de obligaciones legales (art\u00edculo 6.1.c) RGPD). Esta base jur\u00eddica se usar\u00e1 para aquellos tratamientos que est\u00e9 obligado a hacer el responsable con los datos del interesado. Por ejemplo: tratamientos relativos a la Administraci\u00f3n Tributaria o a la legislaci\u00f3n laboral.<\/li>\n<li>La satisfacci\u00f3n de intereses leg\u00edtimos del responsable (art\u00edculo 6.1.f) RGPD). Esta base jur\u00eddica se usar\u00e1 para aquellos tratamientos en los que no prevalezca un derecho o libertad del interesado pero que puedan favorecer el ejercicio de los citados intereses leg\u00edtimos. Por ejemplo: tratamiento de im\u00e1genes y sonido de eventos del responsable, prevenci\u00f3n del fraude, garantizar la seguridad de la red o el tratamiento de datos con fines de mercadotecnia directa.<\/li>\n<\/ul>\n<h4>\u00bfQui\u00e9n puede acceder a los datos?<\/h4>\n<p>Los datos podr\u00e1n ser comunicados, en su caso, a encargados del tratamiento o a la entidad de cr\u00e9dito prestadora de los servicios del pago dentro del marco de la gesti\u00f3n del pago. Del mismo modo, podr\u00e1n ser comunicados a las autoridades competentes en caso de investigaci\u00f3n o reclamaci\u00f3n judicial o extrajudicial. Los comentarios de los visitantes de la p\u00e1gina web pueden ser revisados por un servicio autom\u00e1tico de detecci\u00f3n de spam.<\/p>\n<p>Los encargados del tratamiento que use el responsable para cumplir las funciones que este les encomiende est\u00e1n contractualmente obligados a tratar los datos con la misma diligencia que el propio responsable.<\/p>\n<p>En el caso de datos identificativos de soporte a iniciativas, actividades o documentos que promueva o desarrolle el titular o se publiquen en la p\u00e1gina web del titular, dichos datos podr\u00e1n ser comunicados a las entidades a las que afecte dichas iniciativas, actividades o documentos. Adicionalmente, estos datos identificativos podr\u00e1n utilitzarse a trav\u00e9s de los canales de comunicaci\u00f3n del titular (p\u00e1gina web, redes sociales, canales de comunicaci\u00f3n online, materiales de comunicaci\u00f3n en formato f\u00edsico, &#8230;) con fines de promoci\u00f3n de dichas iniciativas, actividades o documentos.<\/p>\n<p>Por otro lado, el responsable puede utilizar distintas herramientas para gestionar los datos del interesado. Estas herramientas son necesarias para la actividad desarrollada y, por tanto, se encuentran encuadradas dentro de las finalidades y bases legitimadoras descritas m\u00e1s arriba. Sin embargo, las herramientas son contratadas a terceros y pueden tener sus respectivas condiciones de privacidad.<\/p>\n<p>Las herramientas en cuesti\u00f3n son:<\/p>\n<p><strong>1. Plataforma web:<\/strong><\/p>\n<ul>\n<li>WordPress, producto de Automattic Inc., con domicilio en EEUU.<\/li>\n<li>Sharepoint, producto de Microsoft Inc., con domicilio en EEUU.<\/li>\n<li>Google, producto de Google Inc., con domicilio en EEUU.<\/li>\n<\/ul>\n<p><strong>2. Formularis:<\/strong><\/p>\n<ul>\n<li>Ninja Forms, producto de Saturday Drive, Inc., con domicilio en EE.UU.<\/li>\n<li>Typeform, producto de Typeform, S.L, con domicilio en Espa\u00f1a.<\/li>\n<li>Google Forms, producto de Google Inc., con domicilio en EE.UU.<\/li>\n<\/ul>\n<p><strong>3. CRM:<\/strong><\/p>\n<ul>\n<li>HubSpot, producto de HubSpot, Inc., con domicilio en EE.UU.<\/li>\n<\/ul>\n<p><strong>4. E-mail Marketing:<\/strong><\/p>\n<ul>\n<li>Mailchimp, producto de The Rocket Science Group LLC d\/b\/a, con domicilio en EEUU.<\/li>\n<\/ul>\n<p><strong>5. Gesti\u00f3n de eventos:<\/strong><\/p>\n<ul>\n<li>Eventbrite, producto de Eventbrite Inc., con domicilio en EEUU.<\/li>\n<li>Zoom, producto de Zoom Video Communications, Inc., con domicilio en EEUU.<\/li>\n<li>Vimeo, producto de Vimeo, Inc., con domicilio en EEUU.<\/li>\n<li>Microsoft 365, producto de Microsoft Inc., con domicilio en EEUU.<\/li>\n<\/ul>\n<p><strong>6. Plataformas de pago:<\/strong><\/p>\n<ul>\n<li>Stripe, producto de Stripe Inc. con domicilio en EEUU.<\/li>\n<\/ul>\n<p><strong>7. Campa\u00f1as de marketing digital:<\/strong><\/p>\n<ul>\n<li>Facebook, producto de Facebook Inc., con domicilio en EEUU.<\/li>\n<li>Instagram, producto de Facebook Inc., con domicilio en EEUU.<\/li>\n<li>Google Ads, producto de Google Inc., con domicilio en EEUU.<\/li>\n<li>Youtube, producto de Google Inc., con domicilio en EEUU.<\/li>\n<li>Twitter, producto de Twitter Inc., con domicilio en EEUU.<\/li>\n<li>Linkedin, producto de Linkedin Corporation, con domicilio en EEUU.<\/li>\n<\/ul>\n<p><strong>8. Servicios de anal\u00edtica y segmentaci\u00f3n de usuarios:<\/strong><\/p>\n<ul>\n<li>Google Analytics, Google Tag Manager y Google Audiences, todos ellos productos de Google Inc., con domicilio en EEUU.<\/li>\n<\/ul>\n<h4>Contenido incrustado de otras p\u00e1ginas web<\/h4>\n<p>Los art\u00edculos de la p\u00e1gina web del responsable pueden incluir contenido incrustado (por ejemplo, v\u00eddeos, im\u00e1genes, art\u00edculos, etc.). El contenido incrustado de otros sitios se comporta exactamente igual que si el visitante hubiera visitado el otro sitio. Estos sitios pueden recopilar datos sobre usted, utilizar \u201ccookies\u201d, incrustar un seguimiento adicional de terceros y supervisar su interacci\u00f3n con ese contenido incrustado, incluido el seguimiento de su interacci\u00f3n con el contenido incrustado si tiene una cuenta y ha iniciado sesi\u00f3n en ese sitio.<\/p>\n<h4>Cu\u00e1nto tiempo conservamos sus datos<\/h4>\n<p>Los datos personales que nos proporcione ser\u00e1n eliminados transcurrido el plazo legalmente establecido para el cumplimiento de nuestras obligaciones legales, siempre y cuando el interesado no haya autorizado expresamente la continuaci\u00f3n de su uso<\/p>\n<h4>Qu\u00e9 derechos tiene usted sobre su informaci\u00f3n<\/h4>\n<p>Usted tiene la posibilidad de solicitar al responsable el acceso a sus datos personales, su rectificaci\u00f3n, su supresi\u00f3n, la limitaci\u00f3n de su tratamiento, oponerse a dicho tratamiento o ejercer la portabilidad de los datos que sean tratados de forma automatizada. Si desea ejercitar alguno de esos derechos debe solicitarlo al responsable del tratamiento, adjuntando una fotocopia del DNI con el fin de verificar la identidad del solicitante.<\/p>\n<p>En caso de conflicto, usted puede acudir a la Agencia Espa\u00f1ola de Protecci\u00f3n de Datos o a cualquier otra autoridad de control competente para entender de sus reclamaciones.<\/p>\n<p>Usted puede retirar su consentimiento en cualquier momento, sin que eso afecte a la licitud de los tratamientos basados en el consentimiento previo a su retirada.<\/p>\n<p>Los datos tratados no ser\u00e1n usados para decisiones individuales automatizadas.<\/p>\n<h4>Medidas de seguridad<\/h4>\n<p>El responsable tiene implementadas medidas t\u00e9cnicas y organizativas apropiadas para garantizar un nivel de seguridad adecuado al riesgo de cada tratamiento, que en su caso incluye, entre otros:<br \/>\na) la seudonimizaci\u00f3n y el cifrado de datos personales;<br \/>\nb) la capacidad de garantizar la confidencialidad, integridad, disponibilidad y resiliencia permanentes de los sistemas y servicios de tratamiento;<br \/>\nc) la capacidad de restaurar la disponibilidad y el acceso a los datos personales de forma r\u00e1pida en caso de incidente f\u00edsico o t\u00e9cnico;<br \/>\nd) un proceso de verificaci\u00f3n, evaluaci\u00f3n y valoraci\u00f3n regulares de la eficacia de las medidas t\u00e9cnicas y organizativas para garantizar la seguridad del tratamiento.<\/p>\n<p>Adicionalmente, y como se ha indicado m\u00e1s arriba, el responsable del tratamiento cuenta con un Delegado de Protecci\u00f3n de Datos (DPD) aunque no tiene obligaci\u00f3n legal de contar con uno. El DPD se encarga entre otras funciones de verificar que los datos personales sean debidamente tratados, respectando las medidas de seguridad adecuadas y la confidencialidad de los mismos.<\/p>\n","protected":false},"excerpt":{"rendered":"<p>Pol\u00edtica de privacidad (Actualitzada a 25-03-2025) En virtud de lo  [&#8230;]<\/p>\n","protected":false},"author":7,"featured_media":0,"parent":0,"menu_order":0,"comment_status":"closed","ping_status":"closed","template":"100-width.php","meta":{"_acf_changed":false,"content-type":"","footnotes":""},"class_list":["post-4583","page","type-page","status-publish","hentry"],"acf":[],"yoast_head":"<!-- This site is optimized with the Yoast SEO plugin v27.3 - https:\/\/yoast.com\/product\/yoast-seo-wordpress\/ -->\n<title>Pol\u00edtica de privacidad - Tecnio<\/title>\n<meta name=\"robots\" content=\"index, follow, max-snippet:-1, max-image-preview:large, max-video-preview:-1\" \/>\n<link rel=\"canonical\" href=\"https:\/\/tecnio.org\/es\/politica-de-privacidad\/\" \/>\n<meta property=\"og:locale\" content=\"es_ES\" \/>\n<meta property=\"og:type\" content=\"article\" \/>\n<meta property=\"og:title\" content=\"Pol\u00edtica de privacidad - Tecnio\" \/>\n<meta property=\"og:description\" content=\"Pol\u00edtica de privacidad (Actualitzada a 25-03-2025) En virtud de lo [...]\" \/>\n<meta property=\"og:url\" content=\"https:\/\/tecnio.org\/es\/politica-de-privacidad\/\" \/>\n<meta property=\"og:site_name\" content=\"Tecnio\" \/>\n<meta property=\"article:modified_time\" content=\"2025-03-26T12:01:03+00:00\" \/>\n<meta name=\"twitter:card\" content=\"summary_large_image\" \/>\n<meta name=\"twitter:label1\" content=\"Tiempo de lectura\" \/>\n\t<meta name=\"twitter:data1\" content=\"10 minutos\" \/>\n<script type=\"application\/ld+json\" class=\"yoast-schema-graph\">{\"@context\":\"https:\\\/\\\/schema.org\",\"@graph\":[{\"@type\":\"WebPage\",\"@id\":\"https:\\\/\\\/tecnio.org\\\/es\\\/politica-de-privacidad\\\/\",\"url\":\"https:\\\/\\\/tecnio.org\\\/es\\\/politica-de-privacidad\\\/\",\"name\":\"Pol\u00edtica de privacidad - Tecnio\",\"isPartOf\":{\"@id\":\"https:\\\/\\\/tecnio.org\\\/#website\"},\"datePublished\":\"2025-03-26T11:49:16+00:00\",\"dateModified\":\"2025-03-26T12:01:03+00:00\",\"breadcrumb\":{\"@id\":\"https:\\\/\\\/tecnio.org\\\/es\\\/politica-de-privacidad\\\/#breadcrumb\"},\"inLanguage\":\"es\",\"potentialAction\":[{\"@type\":\"ReadAction\",\"target\":[\"https:\\\/\\\/tecnio.org\\\/es\\\/politica-de-privacidad\\\/\"]}]},{\"@type\":\"BreadcrumbList\",\"@id\":\"https:\\\/\\\/tecnio.org\\\/es\\\/politica-de-privacidad\\\/#breadcrumb\",\"itemListElement\":[{\"@type\":\"ListItem\",\"position\":1,\"name\":\"Inici\",\"item\":\"https:\\\/\\\/tecnio.org\\\/\"},{\"@type\":\"ListItem\",\"position\":2,\"name\":\"Pol\u00edtica de privacidad\"}]},{\"@type\":\"WebSite\",\"@id\":\"https:\\\/\\\/tecnio.org\\\/#website\",\"url\":\"https:\\\/\\\/tecnio.org\\\/\",\"name\":\"Tecnio\",\"description\":\"Impulsem un model de transfer\u00e8ncia de coneixement basat en l&#039;excel\u00b7l\u00e8ncia\",\"potentialAction\":[{\"@type\":\"SearchAction\",\"target\":{\"@type\":\"EntryPoint\",\"urlTemplate\":\"https:\\\/\\\/tecnio.org\\\/?s={search_term_string}\"},\"query-input\":{\"@type\":\"PropertyValueSpecification\",\"valueRequired\":true,\"valueName\":\"search_term_string\"}}],\"inLanguage\":\"es\"}]}<\/script>\n<!-- \/ Yoast SEO plugin. -->","yoast_head_json":{"title":"Pol\u00edtica de privacidad - Tecnio","robots":{"index":"index","follow":"follow","max-snippet":"max-snippet:-1","max-image-preview":"max-image-preview:large","max-video-preview":"max-video-preview:-1"},"canonical":"https:\/\/tecnio.org\/es\/politica-de-privacidad\/","og_locale":"es_ES","og_type":"article","og_title":"Pol\u00edtica de privacidad - Tecnio","og_description":"Pol\u00edtica de privacidad (Actualitzada a 25-03-2025) En virtud de lo [...]","og_url":"https:\/\/tecnio.org\/es\/politica-de-privacidad\/","og_site_name":"Tecnio","article_modified_time":"2025-03-26T12:01:03+00:00","twitter_card":"summary_large_image","twitter_misc":{"Tiempo de lectura":"10 minutos"},"schema":{"@context":"https:\/\/schema.org","@graph":[{"@type":"WebPage","@id":"https:\/\/tecnio.org\/es\/politica-de-privacidad\/","url":"https:\/\/tecnio.org\/es\/politica-de-privacidad\/","name":"Pol\u00edtica de privacidad - Tecnio","isPartOf":{"@id":"https:\/\/tecnio.org\/#website"},"datePublished":"2025-03-26T11:49:16+00:00","dateModified":"2025-03-26T12:01:03+00:00","breadcrumb":{"@id":"https:\/\/tecnio.org\/es\/politica-de-privacidad\/#breadcrumb"},"inLanguage":"es","potentialAction":[{"@type":"ReadAction","target":["https:\/\/tecnio.org\/es\/politica-de-privacidad\/"]}]},{"@type":"BreadcrumbList","@id":"https:\/\/tecnio.org\/es\/politica-de-privacidad\/#breadcrumb","itemListElement":[{"@type":"ListItem","position":1,"name":"Inici","item":"https:\/\/tecnio.org\/"},{"@type":"ListItem","position":2,"name":"Pol\u00edtica de privacidad"}]},{"@type":"WebSite","@id":"https:\/\/tecnio.org\/#website","url":"https:\/\/tecnio.org\/","name":"Tecnio","description":"Impulsem un model de transfer\u00e8ncia de coneixement basat en l&#039;excel\u00b7l\u00e8ncia","potentialAction":[{"@type":"SearchAction","target":{"@type":"EntryPoint","urlTemplate":"https:\/\/tecnio.org\/?s={search_term_string}"},"query-input":{"@type":"PropertyValueSpecification","valueRequired":true,"valueName":"search_term_string"}}],"inLanguage":"es"}]}},"_links":{"self":[{"href":"https:\/\/tecnio.org\/es\/wp-json\/wp\/v2\/pages\/4583","targetHints":{"allow":["GET"]}}],"collection":[{"href":"https:\/\/tecnio.org\/es\/wp-json\/wp\/v2\/pages"}],"about":[{"href":"https:\/\/tecnio.org\/es\/wp-json\/wp\/v2\/types\/page"}],"author":[{"embeddable":true,"href":"https:\/\/tecnio.org\/es\/wp-json\/wp\/v2\/users\/7"}],"replies":[{"embeddable":true,"href":"https:\/\/tecnio.org\/es\/wp-json\/wp\/v2\/comments?post=4583"}],"version-history":[{"count":3,"href":"https:\/\/tecnio.org\/es\/wp-json\/wp\/v2\/pages\/4583\/revisions"}],"predecessor-version":[{"id":4597,"href":"https:\/\/tecnio.org\/es\/wp-json\/wp\/v2\/pages\/4583\/revisions\/4597"}],"wp:attachment":[{"href":"https:\/\/tecnio.org\/es\/wp-json\/wp\/v2\/media?parent=4583"}],"curies":[{"name":"wp","href":"https:\/\/api.w.org\/{rel}","templated":true}]}}