{"id":4599,"date":"2022-12-13T13:52:36","date_gmt":"2022-12-13T11:52:36","guid":{"rendered":"https:\/\/tecnio.org\/?page_id=4599"},"modified":"2025-03-27T14:04:01","modified_gmt":"2025-03-27T12:04:01","slug":"aviso-legal","status":"publish","type":"page","link":"https:\/\/tecnio.org\/es\/aviso-legal\/","title":{"rendered":"Aviso legal"},"content":{"rendered":"<p>AVISO LEGAL<\/p>\n<p>1.- Aspectos b\u00e1sicos del uso de la p\u00e1gina web.<br \/>\nEl titular de la presente p\u00e1gina web es ASSOCIACI\u00d3 DE DESENVOLUPADORS DE TECNOLOGIA<br \/>\nAMB ACREDITACI\u00d3 TECNIO, con CIF G67705806, y domicilio en Pla\u00e7a Palau Vila 1, Pier01 Bloc A,<br \/>\nPlanta 3, Porta 3A1 \u2013 08003 Barcelona. En adelante se identificar\u00e1 al titular de la p\u00e1gina como \u00abEL<br \/>\nTITULAR\u00bb o \u00abASOCIACI\u00d3N TECNIO\u00bb de manera indistinta.<\/p>\n<p>Por medio de las presentes condiciones generales de uso y contrataci\u00f3n (en adelante identificadas como<br \/>\n\u00abLAS CONDICIONES GENERALES\u00bb) el titular establece el modo de funcionamiento de los servicios<br \/>\nprestados a trav\u00e9s de la p\u00e1gina web. Igualmente regulan la contrataci\u00f3n de bienes y servicios por parte del<br \/>\nusuario de la p\u00e1gina, siendo el marco jur\u00eddico de dicha relaci\u00f3n contractual.<br \/>\nPor el mero hecho de acceder a la p\u00e1gina web y utilizar sus servicios el usuario de la misma acepta las<br \/>\npresentes condiciones generales y las cl\u00e1usulas que le sean aplicables de la \u00abPol\u00edtica de privacidad\u00bb.<br \/>\nAl aceptar las presentes condiciones generales, el usuario de la p\u00e1gina web manifiesta que las ha le\u00eddo y<br \/>\nentendido, que es mayor de edad y que tiene la capacidad jur\u00eddica necesaria para contratar.<br \/>\nLas presentes condiciones generales sustituyen a cualesquiera otras condiciones de contrataci\u00f3n previas<br \/>\nentre el titular y el usuario.<br \/>\nLas presentes condiciones generales estar\u00e1n siempre accesibles para el usuario, que podr\u00e1 almacenarlas o<br \/>\nreproducirlas en un soporte duradero.<br \/>\nEsta p\u00e1gina web, as\u00ed como su contenido (im\u00e1genes, texto, v\u00eddeos,&#8230;) es propiedad de ASOCIACI\u00d3N<br \/>\nTECNIO. No se permite la copia, difusi\u00f3n o uso de todo o parte de la misma sin autorizaci\u00f3n expresa del<br \/>\ntitular. Todos los derechos de propiedad intelectual y\/o industrial, incluyendo copyright, marcas<br \/>\ncomerciales y patentes, est\u00e1n reservados.<\/p>\n<p>2.- Proceso de venta.<br \/>\n[A1]La p\u00e1gina web en algunos casos permite registrarse, previo pago, a determinadas actividades<br \/>\ndesarrolladas por ASOCIACI\u00d3N TECNIO. Cuando existe esa posibilidad se ofrece una descripci\u00f3n del<br \/>\nservicio en cuesti\u00f3n. Los elementos gr\u00e1ficos que aparecen en la tienda en l\u00ednea (tales como fotograf\u00edas)<br \/>\nsuponen una mera orientaci\u00f3n para el usuario; el aspecto real del servicio contratado puede variar.<br \/>\nLos servicios ofrecidos a trav\u00e9s de la p\u00e1gina web pueden ser modificados peri\u00f3dicamente y sin previo<br \/>\naviso, tanto para a\u00f1adir nuevos servicios como para retirar los hasta entonces existentes.<br \/>\nEl usuario debe seleccionar los servicios que desea contratar y a\u00f1adirlos al carrito una vez terminada la<br \/>\nselecci\u00f3n. A partir de ese momento puede previsualizar los servicios solicitados y, cuando sea procedente,<br \/>\nfinalizar la compra e iniciar el proceso de pago.<br \/>\nEl usario deber\u00e1 introducir los detalles de facturaci\u00f3n y la direcci\u00f3n de env\u00edo, datos que ser\u00e1n gestionados<br \/>\nde acuerdo con lo previsto en la pol\u00edtica de privacidad de la presente p\u00e1gina web. El usuario asume la<br \/>\nresponsabilidad en caso de que los datos introducidos sean incorrectos, sin que ASOCIACI\u00d3N TECNIO<br \/>\nsea responsable en caso de problemas derivados de la inexactitud de los mismos.<br \/>\nEl pago podr\u00e1 realizarse mediante [A2]tarjeta de cr\u00e9dito o PayPal.<\/p>\n<p>Una vez recibido el pedido se enviar\u00e1 al usuario un correo electr\u00f3nico de confirmaci\u00f3n. ASOCIACI\u00d3N<br \/>\nTECNIO har\u00e1 llegar al usuario la correspondiente factura junto con el env\u00edo solicitado.<br \/>\nEn caso de que el servicio deba cancelarse tras realizarse el pedido por causas de fuerza mayor,<br \/>\nASOCIACI\u00d3N TECNIO informar\u00e1 de esta circunstancia al usuario y proceder\u00e1 a la anulaci\u00f3n total o<br \/>\nparcial, en su caso, del pedido. Todo ello sin perjuicio del derecho de desistimiento que asiste al usuario<br \/>\nde acuerdo con lo establecido en el apartado 4 de las presentes condiciones generales.<br \/>\nLos servicios digitales contratados ser\u00e1n accesibles en la fecha correspondiente a cada uno de ellos, de<br \/>\nacuerdo con lo se\u00f1alado en su descripci\u00f3n.<\/p>\n<p>3.- Precios y pagos.<br \/>\n[A3]Todos los precios indicados en la p\u00e1gina web est\u00e1n expresados en euros e incluyen los impuestos<br \/>\naplicables; en especial, el importe del correspondiente Impuesto sobre el Valor A\u00f1adido (IVA), que<br \/>\ntambi\u00e9n aparece desglosado en el carrito virtual.<br \/>\nEn caso de que existan manifiestos errores en el precio que aparece en la p\u00e1gina web, ASOCIACI\u00d3N<br \/>\nTECNIO se reserva el derecho de cancelar, previa comunicaci\u00f3n al usuario, el pedido afectado.<\/p>\n<p>4.- Derecho de desistimiento.<br \/>\nExisten dos tipos de situaciones aplicables al derecho de desistimiento de esta p\u00e1gina web: 1) Adquisici\u00f3n<br \/>\ny env\u00edo de bienes f\u00edsicos. 2) Contrataci\u00f3n de cursos, seminarios y actividades, tanto digitales como<br \/>\npresenciales.<\/p>\n<p>1) Adquisici\u00f3n y env\u00edo de bienes f\u00edsicos.<br \/>\nEn este caso se aplicar\u00e1 las normas generales relativas al derecho de desistimiento.<br \/>\nCuando el derecho de desistimiento sea aplicable, el usuario puede ejercitarlo en el plazo de catorce (14)<br \/>\nd\u00edas naturales desde la contrataci\u00f3n o, en el caso de adquisici\u00f3n de bienes, desde la posesi\u00f3n material de<br \/>\nlos bienes. El usuario no necesita justificar el motivo de su desistimiento ni sufrir\u00e1 penalizaciones por<br \/>\nejercitarlo.<br \/>\nPara ejercitar este derecho el usuario deber\u00e1 manifestarlo de forma inequ\u00edvoca enviando un correo<br \/>\nelectr\u00f3nico a ASOCIACI\u00d3N TECNIO identificando el bien o servicio al que hace referencia.<br \/>\nASOCIACI\u00d3N TECNIO enviar\u00e1 un correo electr\u00f3nico confirmando la recepci\u00f3n de la solicitud.<br \/>\nASOCIACI\u00d3N TECNIO reembolsar\u00e1 todo pago recibido por el usuario en un plazo m\u00e1ximo de catorce<br \/>\n(14) d\u00edas desde la fecha en la que se le haya informado de la decisi\u00f3n de desistimiento.<br \/>\nEn el caso de adquisiciones de bienes, si el usuario eligi\u00f3 un medio de entrega diferente a la menos<br \/>\ncostosa, ASOCIACI\u00d3N TECNIO no estar\u00e1 obligada a reembolsar los costes adicionales que de eso se<br \/>\nderiven.<br \/>\nEl reembolso se realizar\u00e1 en el medio de pago utilizado por el usuario, a menos que el usuario manifieste<br \/>\nlo contrario.<br \/>\nEn el caso de adquisici\u00f3n de bienes, el usuario deber\u00e1 devolver los mismos en perfecto estado y en su<br \/>\nembalaje original. El usuario correr\u00e1 con los castos derivados de esa devoluci\u00f3n. ASOCIACI\u00d3N TECNIO podr\u00e1 retener el reembolso de las cantidades que deba devolver al usuario hasta que haya recibido los bienes y comprobado su correcto estado.<br \/>\nEl derecho de desistimiento no ser\u00e1 aplicable a bienes confeccionados conforme a las especificaciones del<br \/>\nconsumidor y usuario, o claramente personalizados. Tampoco ser\u00e1 aplicable a ninguno de los supuestos<br \/>\nlegalmente previstos como excepci\u00f3n a este derecho.2) Contrataci\u00f3n de cursos, seminarios y actividades, tanto digitales como presenciales.<br \/>\nEn estos casos se tratar\u00e1 de actividades que prev\u00e9n una fecha de ejecuci\u00f3n espec\u00edfica.<br \/>\nSi el usuario cancela el curso, seminario o actividad contratada antes de las 24 horas previas a su fecha de<br \/>\nejecuci\u00f3n, se le reembolsar\u00e1 cualquier cantidad pagada por la misma. En este caso se detraer\u00e1 un importe<br \/>\nequivalente al 10 % de dicha cantidad, en concepto de los gastos administrativos y de gesti\u00f3n derivados<br \/>\nde la reserva. La cantidad resultante se le reembolsar\u00e1 al usuario en un plazo de catorce (14) d\u00edas desde la<br \/>\ncancelaci\u00f3n, en el mismo medio de pago utilizado por el usuario.<br \/>\nSi el usuario cancela el curso, seminario o actividad contratada en las 24 horas previas a su fecha de<br \/>\nejecuci\u00f3n, o si no accede a la misma en dicha fecha, no habr\u00e1 posibilidad de ning\u00fan tipo de reembolso.<\/p>\n<p>5.- Modificaci\u00f3n de las condiciones generales.<br \/>\nLas condiciones generales pueden cambiar sin previo aviso por parte del titular. Corresponde al usuario<br \/>\nrevisar las mismas peri\u00f3dicamente para comprobar su contenido.<br \/>\nLos posibles cambios de las condiciones generales no afectar\u00e1n a las compras finalizadas con anterioridad<br \/>\na los cambios.<\/p>\n<p>6.- Garant\u00eda, legislaci\u00f3n aplicable y jurisdicci\u00f3n.<br \/>\nExiste una garant\u00eda legal de conformidad para los servicios digitales que pueda contratarse a trav\u00e9s de la<br \/>\npresente p\u00e1gina web.<br \/>\nLa relaci\u00f3n entre las partes se regir\u00e1 de acuerdo a lo dispuesto en la legislaci\u00f3n espa\u00f1ola. En caso de<br \/>\ncontroversia, las partes aceptan la sumisi\u00f3n expresa a los Juzgados y Tribunales de Barcelona.<\/p>\n","protected":false},"excerpt":{"rendered":"<p>AVISO LEGAL 1.- Aspectos b\u00e1sicos del uso de la p\u00e1gina  [&#8230;]<\/p>\n","protected":false},"author":7,"featured_media":0,"parent":0,"menu_order":0,"comment_status":"closed","ping_status":"closed","template":"100-width.php","meta":{"_acf_changed":false,"content-type":"","footnotes":""},"class_list":["post-4599","page","type-page","status-publish","hentry"],"acf":[],"yoast_head":"<!-- This site is optimized with the Yoast SEO plugin v27.3 - https:\/\/yoast.com\/product\/yoast-seo-wordpress\/ -->\n<title>Aviso legal - Tecnio<\/title>\n<meta name=\"robots\" content=\"index, follow, max-snippet:-1, max-image-preview:large, max-video-preview:-1\" \/>\n<link rel=\"canonical\" href=\"https:\/\/tecnio.org\/es\/aviso-legal\/\" \/>\n<meta property=\"og:locale\" content=\"es_ES\" \/>\n<meta property=\"og:type\" content=\"article\" \/>\n<meta property=\"og:title\" content=\"Aviso legal - Tecnio\" \/>\n<meta property=\"og:description\" content=\"AVISO LEGAL 1.- Aspectos b\u00e1sicos del uso de la p\u00e1gina [...]\" \/>\n<meta property=\"og:url\" content=\"https:\/\/tecnio.org\/es\/aviso-legal\/\" \/>\n<meta property=\"og:site_name\" content=\"Tecnio\" \/>\n<meta property=\"article:modified_time\" content=\"2025-03-27T12:04:01+00:00\" \/>\n<meta name=\"twitter:card\" content=\"summary_large_image\" \/>\n<meta name=\"twitter:label1\" content=\"Tiempo de lectura\" \/>\n\t<meta name=\"twitter:data1\" content=\"7 minutos\" \/>\n<script type=\"application\/ld+json\" class=\"yoast-schema-graph\">{\"@context\":\"https:\\\/\\\/schema.org\",\"@graph\":[{\"@type\":\"WebPage\",\"@id\":\"https:\\\/\\\/tecnio.org\\\/es\\\/aviso-legal\\\/\",\"url\":\"https:\\\/\\\/tecnio.org\\\/es\\\/aviso-legal\\\/\",\"name\":\"Aviso legal - Tecnio\",\"isPartOf\":{\"@id\":\"https:\\\/\\\/tecnio.org\\\/#website\"},\"datePublished\":\"2022-12-13T11:52:36+00:00\",\"dateModified\":\"2025-03-27T12:04:01+00:00\",\"breadcrumb\":{\"@id\":\"https:\\\/\\\/tecnio.org\\\/es\\\/aviso-legal\\\/#breadcrumb\"},\"inLanguage\":\"es\",\"potentialAction\":[{\"@type\":\"ReadAction\",\"target\":[\"https:\\\/\\\/tecnio.org\\\/es\\\/aviso-legal\\\/\"]}]},{\"@type\":\"BreadcrumbList\",\"@id\":\"https:\\\/\\\/tecnio.org\\\/es\\\/aviso-legal\\\/#breadcrumb\",\"itemListElement\":[{\"@type\":\"ListItem\",\"position\":1,\"name\":\"Inici\",\"item\":\"https:\\\/\\\/tecnio.org\\\/\"},{\"@type\":\"ListItem\",\"position\":2,\"name\":\"Aviso legal\"}]},{\"@type\":\"WebSite\",\"@id\":\"https:\\\/\\\/tecnio.org\\\/#website\",\"url\":\"https:\\\/\\\/tecnio.org\\\/\",\"name\":\"Tecnio\",\"description\":\"Impulsem un model de transfer\u00e8ncia de coneixement basat en l&#039;excel\u00b7l\u00e8ncia\",\"potentialAction\":[{\"@type\":\"SearchAction\",\"target\":{\"@type\":\"EntryPoint\",\"urlTemplate\":\"https:\\\/\\\/tecnio.org\\\/?s={search_term_string}\"},\"query-input\":{\"@type\":\"PropertyValueSpecification\",\"valueRequired\":true,\"valueName\":\"search_term_string\"}}],\"inLanguage\":\"es\"}]}<\/script>\n<!-- \/ Yoast SEO plugin. -->","yoast_head_json":{"title":"Aviso legal - Tecnio","robots":{"index":"index","follow":"follow","max-snippet":"max-snippet:-1","max-image-preview":"max-image-preview:large","max-video-preview":"max-video-preview:-1"},"canonical":"https:\/\/tecnio.org\/es\/aviso-legal\/","og_locale":"es_ES","og_type":"article","og_title":"Aviso legal - Tecnio","og_description":"AVISO LEGAL 1.- Aspectos b\u00e1sicos del uso de la p\u00e1gina [...]","og_url":"https:\/\/tecnio.org\/es\/aviso-legal\/","og_site_name":"Tecnio","article_modified_time":"2025-03-27T12:04:01+00:00","twitter_card":"summary_large_image","twitter_misc":{"Tiempo de lectura":"7 minutos"},"schema":{"@context":"https:\/\/schema.org","@graph":[{"@type":"WebPage","@id":"https:\/\/tecnio.org\/es\/aviso-legal\/","url":"https:\/\/tecnio.org\/es\/aviso-legal\/","name":"Aviso legal - Tecnio","isPartOf":{"@id":"https:\/\/tecnio.org\/#website"},"datePublished":"2022-12-13T11:52:36+00:00","dateModified":"2025-03-27T12:04:01+00:00","breadcrumb":{"@id":"https:\/\/tecnio.org\/es\/aviso-legal\/#breadcrumb"},"inLanguage":"es","potentialAction":[{"@type":"ReadAction","target":["https:\/\/tecnio.org\/es\/aviso-legal\/"]}]},{"@type":"BreadcrumbList","@id":"https:\/\/tecnio.org\/es\/aviso-legal\/#breadcrumb","itemListElement":[{"@type":"ListItem","position":1,"name":"Inici","item":"https:\/\/tecnio.org\/"},{"@type":"ListItem","position":2,"name":"Aviso legal"}]},{"@type":"WebSite","@id":"https:\/\/tecnio.org\/#website","url":"https:\/\/tecnio.org\/","name":"Tecnio","description":"Impulsem un model de transfer\u00e8ncia de coneixement basat en l&#039;excel\u00b7l\u00e8ncia","potentialAction":[{"@type":"SearchAction","target":{"@type":"EntryPoint","urlTemplate":"https:\/\/tecnio.org\/?s={search_term_string}"},"query-input":{"@type":"PropertyValueSpecification","valueRequired":true,"valueName":"search_term_string"}}],"inLanguage":"es"}]}},"_links":{"self":[{"href":"https:\/\/tecnio.org\/es\/wp-json\/wp\/v2\/pages\/4599","targetHints":{"allow":["GET"]}}],"collection":[{"href":"https:\/\/tecnio.org\/es\/wp-json\/wp\/v2\/pages"}],"about":[{"href":"https:\/\/tecnio.org\/es\/wp-json\/wp\/v2\/types\/page"}],"author":[{"embeddable":true,"href":"https:\/\/tecnio.org\/es\/wp-json\/wp\/v2\/users\/7"}],"replies":[{"embeddable":true,"href":"https:\/\/tecnio.org\/es\/wp-json\/wp\/v2\/comments?post=4599"}],"version-history":[{"count":1,"href":"https:\/\/tecnio.org\/es\/wp-json\/wp\/v2\/pages\/4599\/revisions"}],"predecessor-version":[{"id":4600,"href":"https:\/\/tecnio.org\/es\/wp-json\/wp\/v2\/pages\/4599\/revisions\/4600"}],"wp:attachment":[{"href":"https:\/\/tecnio.org\/es\/wp-json\/wp\/v2\/media?parent=4599"}],"curies":[{"name":"wp","href":"https:\/\/api.w.org\/{rel}","templated":true}]}}